{"id":445,"date":"2018-09-12T17:16:42","date_gmt":"2018-09-12T15:16:42","guid":{"rendered":"https:\/\/www.ldb-micaresearch.com\/presentation\/"},"modified":"2019-01-28T15:22:35","modified_gmt":"2019-01-28T14:22:35","slug":"presentation-surveys","status":"publish","type":"page","link":"https:\/\/www.ldb-micaresearch.com\/en\/presentation-surveys\/","title":{"rendered":"Presentation"},"content":{"rendered":"<p>&#8220;Customer centricity&#8221; is at the very core of our DNA.<br \/>\nIt is reflected by:<\/p>\n","protected":false},"excerpt":{"rendered":"<p>&#8220;Customer centricity&#8221; is at the very core of our DNA. It is reflected by:<\/p>\n","protected":false},"author":1,"featured_media":0,"parent":0,"menu_order":6,"comment_status":"closed","ping_status":"closed","template":"page-presentation.php","meta":{"_acf_changed":false,"_uag_custom_page_level_css":"","footnotes":""},"acf":[],"yoast_head":"<!-- This site is optimized with the Yoast SEO plugin v23.5 - https:\/\/yoast.com\/wordpress\/plugins\/seo\/ -->\n<title>Surveys - Quali &amp; Quanti, multimodes, international - LDB Mica Research<\/title>\n<meta name=\"description\" content=\"Independent, human-size consulting agency - A dedicated team of experts for your qualitative, quantitative, international, multimode, BtoB and BtoC surveys\" \/>\n<meta name=\"robots\" content=\"index, follow, max-snippet:-1, max-image-preview:large, max-video-preview:-1\" \/>\n<link rel=\"canonical\" href=\"https:\/\/www.ldb-micaresearch.com\/en\/presentation-surveys\/\" \/>\n<meta property=\"og:locale\" content=\"en_US\" \/>\n<meta property=\"og:type\" content=\"article\" \/>\n<meta property=\"og:title\" content=\"Surveys - Quali &amp; Quanti, multimodes, international - LDB Mica Research\" \/>\n<meta property=\"og:description\" content=\"Independent, human-size consulting agency - A dedicated team of experts for your qualitative, quantitative, international, multimode, BtoB and BtoC surveys\" \/>\n<meta property=\"og:url\" content=\"https:\/\/www.ldb-micaresearch.com\/en\/presentation-surveys\/\" \/>\n<meta property=\"og:site_name\" content=\"LDB Mica Research - Institut d&#039;\u00e9tudes internationales\" \/>\n<meta property=\"article:modified_time\" content=\"2019-01-28T14:22:35+00:00\" \/>\n<meta name=\"twitter:card\" content=\"summary_large_image\" \/>\n<script type=\"application\/ld+json\" class=\"yoast-schema-graph\">{\"@context\":\"https:\/\/schema.org\",\"@graph\":[{\"@type\":\"WebPage\",\"@id\":\"https:\/\/www.ldb-micaresearch.com\/en\/presentation-surveys\/\",\"url\":\"https:\/\/www.ldb-micaresearch.com\/en\/presentation-surveys\/\",\"name\":\"Surveys - Quali & Quanti, multimodes, international - LDB Mica Research\",\"isPartOf\":{\"@id\":\"https:\/\/www.ldb-micaresearch.com\/en\/#website\"},\"datePublished\":\"2018-09-12T15:16:42+00:00\",\"dateModified\":\"2019-01-28T14:22:35+00:00\",\"description\":\"Independent, human-size consulting agency - A dedicated team of experts for your qualitative, quantitative, international, multimode, BtoB and BtoC surveys\",\"breadcrumb\":{\"@id\":\"https:\/\/www.ldb-micaresearch.com\/en\/presentation-surveys\/#breadcrumb\"},\"inLanguage\":\"en-US\",\"potentialAction\":[{\"@type\":\"ReadAction\",\"target\":[\"https:\/\/www.ldb-micaresearch.com\/en\/presentation-surveys\/\"]}]},{\"@type\":\"BreadcrumbList\",\"@id\":\"https:\/\/www.ldb-micaresearch.com\/en\/presentation-surveys\/#breadcrumb\",\"itemListElement\":[{\"@type\":\"ListItem\",\"position\":1,\"name\":\"Home\",\"item\":\"https:\/\/www.ldb-micaresearch.com\/en\/\"},{\"@type\":\"ListItem\",\"position\":2,\"name\":\"Presentation\"}]},{\"@type\":\"WebSite\",\"@id\":\"https:\/\/www.ldb-micaresearch.com\/en\/#website\",\"url\":\"https:\/\/www.ldb-micaresearch.com\/en\/\",\"name\":\"LDB Mica Research - Institut d&#039;\u00e9tudes internationales\",\"description\":\"Sp\u00e9cialiste de la Satisfaction client depuis plus de 30 ans, notre institut d&#039;\u00e9tudes vous accompagne pour vos Etudes Quali \/ Quanti - Centre d&#039;appels international, Paris.\",\"publisher\":{\"@id\":\"https:\/\/www.ldb-micaresearch.com\/en\/#organization\"},\"potentialAction\":[{\"@type\":\"SearchAction\",\"target\":{\"@type\":\"EntryPoint\",\"urlTemplate\":\"https:\/\/www.ldb-micaresearch.com\/en\/?s={search_term_string}\"},\"query-input\":{\"@type\":\"PropertyValueSpecification\",\"valueRequired\":true,\"valueName\":\"search_term_string\"}}],\"inLanguage\":\"en-US\"},{\"@type\":\"Organization\",\"@id\":\"https:\/\/www.ldb-micaresearch.com\/en\/#organization\",\"name\":\"LDB Mica Research\",\"url\":\"https:\/\/www.ldb-micaresearch.com\/en\/\",\"logo\":{\"@type\":\"ImageObject\",\"inLanguage\":\"en-US\",\"@id\":\"https:\/\/www.ldb-micaresearch.com\/en\/#\/schema\/logo\/image\/\",\"url\":\"http:\/\/s876604401.onlinehome.fr\/wp-content\/uploads\/2019\/01\/Logo-LDB-MR-1.png\",\"contentUrl\":\"http:\/\/s876604401.onlinehome.fr\/wp-content\/uploads\/2019\/01\/Logo-LDB-MR-1.png\",\"width\":312,\"height\":38,\"caption\":\"LDB Mica Research\"},\"image\":{\"@id\":\"https:\/\/www.ldb-micaresearch.com\/en\/#\/schema\/logo\/image\/\"}}]}<\/script>\n<!-- \/ Yoast SEO plugin. -->","yoast_head_json":{"title":"Surveys - Quali & Quanti, multimodes, international - LDB Mica Research","description":"Independent, human-size consulting agency - A dedicated team of experts for your qualitative, quantitative, international, multimode, BtoB and BtoC surveys","robots":{"index":"index","follow":"follow","max-snippet":"max-snippet:-1","max-image-preview":"max-image-preview:large","max-video-preview":"max-video-preview:-1"},"canonical":"https:\/\/www.ldb-micaresearch.com\/en\/presentation-surveys\/","og_locale":"en_US","og_type":"article","og_title":"Surveys - Quali & Quanti, multimodes, international - LDB Mica Research","og_description":"Independent, human-size consulting agency - A dedicated team of experts for your qualitative, quantitative, international, multimode, BtoB and BtoC surveys","og_url":"https:\/\/www.ldb-micaresearch.com\/en\/presentation-surveys\/","og_site_name":"LDB Mica Research - Institut d&#039;\u00e9tudes internationales","article_modified_time":"2019-01-28T14:22:35+00:00","twitter_card":"summary_large_image","schema":{"@context":"https:\/\/schema.org","@graph":[{"@type":"WebPage","@id":"https:\/\/www.ldb-micaresearch.com\/en\/presentation-surveys\/","url":"https:\/\/www.ldb-micaresearch.com\/en\/presentation-surveys\/","name":"Surveys - Quali & Quanti, multimodes, international - LDB Mica Research","isPartOf":{"@id":"https:\/\/www.ldb-micaresearch.com\/en\/#website"},"datePublished":"2018-09-12T15:16:42+00:00","dateModified":"2019-01-28T14:22:35+00:00","description":"Independent, human-size consulting agency - A dedicated team of experts for your qualitative, quantitative, international, multimode, BtoB and BtoC surveys","breadcrumb":{"@id":"https:\/\/www.ldb-micaresearch.com\/en\/presentation-surveys\/#breadcrumb"},"inLanguage":"en-US","potentialAction":[{"@type":"ReadAction","target":["https:\/\/www.ldb-micaresearch.com\/en\/presentation-surveys\/"]}]},{"@type":"BreadcrumbList","@id":"https:\/\/www.ldb-micaresearch.com\/en\/presentation-surveys\/#breadcrumb","itemListElement":[{"@type":"ListItem","position":1,"name":"Home","item":"https:\/\/www.ldb-micaresearch.com\/en\/"},{"@type":"ListItem","position":2,"name":"Presentation"}]},{"@type":"WebSite","@id":"https:\/\/www.ldb-micaresearch.com\/en\/#website","url":"https:\/\/www.ldb-micaresearch.com\/en\/","name":"LDB Mica Research - Institut d&#039;\u00e9tudes internationales","description":"Sp\u00e9cialiste de la Satisfaction client depuis plus de 30 ans, notre institut d&#039;\u00e9tudes vous accompagne pour vos Etudes Quali \/ Quanti - Centre d&#039;appels international, Paris.","publisher":{"@id":"https:\/\/www.ldb-micaresearch.com\/en\/#organization"},"potentialAction":[{"@type":"SearchAction","target":{"@type":"EntryPoint","urlTemplate":"https:\/\/www.ldb-micaresearch.com\/en\/?s={search_term_string}"},"query-input":{"@type":"PropertyValueSpecification","valueRequired":true,"valueName":"search_term_string"}}],"inLanguage":"en-US"},{"@type":"Organization","@id":"https:\/\/www.ldb-micaresearch.com\/en\/#organization","name":"LDB Mica Research","url":"https:\/\/www.ldb-micaresearch.com\/en\/","logo":{"@type":"ImageObject","inLanguage":"en-US","@id":"https:\/\/www.ldb-micaresearch.com\/en\/#\/schema\/logo\/image\/","url":"http:\/\/s876604401.onlinehome.fr\/wp-content\/uploads\/2019\/01\/Logo-LDB-MR-1.png","contentUrl":"http:\/\/s876604401.onlinehome.fr\/wp-content\/uploads\/2019\/01\/Logo-LDB-MR-1.png","width":312,"height":38,"caption":"LDB Mica Research"},"image":{"@id":"https:\/\/www.ldb-micaresearch.com\/en\/#\/schema\/logo\/image\/"}}]}},"uagb_featured_image_src":{"full":false,"thumbnail":false,"medium":false,"medium_large":false,"large":false,"1536x1536":false,"2048x2048":false},"uagb_author_info":{"display_name":"LDB Mica Research","author_link":"https:\/\/www.ldb-micaresearch.com\/en\/author\/ldbadmin\/"},"uagb_comment_info":0,"uagb_excerpt":"&#8220;Customer centricity&#8221; is at the very core of our DNA. It is reflected by:","_links":{"self":[{"href":"https:\/\/www.ldb-micaresearch.com\/en\/wp-json\/wp\/v2\/pages\/445"}],"collection":[{"href":"https:\/\/www.ldb-micaresearch.com\/en\/wp-json\/wp\/v2\/pages"}],"about":[{"href":"https:\/\/www.ldb-micaresearch.com\/en\/wp-json\/wp\/v2\/types\/page"}],"author":[{"embeddable":true,"href":"https:\/\/www.ldb-micaresearch.com\/en\/wp-json\/wp\/v2\/users\/1"}],"replies":[{"embeddable":true,"href":"https:\/\/www.ldb-micaresearch.com\/en\/wp-json\/wp\/v2\/comments?post=445"}],"version-history":[{"count":36,"href":"https:\/\/www.ldb-micaresearch.com\/en\/wp-json\/wp\/v2\/pages\/445\/revisions"}],"predecessor-version":[{"id":1486,"href":"https:\/\/www.ldb-micaresearch.com\/en\/wp-json\/wp\/v2\/pages\/445\/revisions\/1486"}],"wp:attachment":[{"href":"https:\/\/www.ldb-micaresearch.com\/en\/wp-json\/wp\/v2\/media?parent=445"}],"curies":[{"name":"wp","href":"https:\/\/api.w.org\/{rel}","templated":true}]}}