{"id":452,"date":"2018-09-14T16:17:08","date_gmt":"2018-09-14T14:17:08","guid":{"rendered":"https:\/\/www.ldb-micaresearch.com\/secteurs\/automobile-et-mobilite\/"},"modified":"2023-07-13T09:33:21","modified_gmt":"2023-07-13T07:33:21","slug":"automotive-and-mobility","status":"publish","type":"page","link":"https:\/\/www.ldb-micaresearch.com\/en\/surveys-sectors\/automotive-and-mobility\/","title":{"rendered":"Automotive and Mobility"},"content":{"rendered":"<p>Why Automotive &amp; Mobility surveys?<\/p>\n<p>More\u00a0and\u00a0more\u00a0stringent environmental and regulatory contexts, increasing share of emerging markets, urbanization, connectivity, new mobility, autonomous driving\u2026. As many mutations that consequently impact the automotive and mobility industry.<\/p>\n<p>The role of the automobile is evolving. Mindsets as well, and new expectations encourage the development of new products and services.<\/p>\n<p>In the era of immediacy, agility and responsiveness become essential in this highly competitive sector. And the development of alternative offers for mobility redistributes the cards. Long-standing players\u00a0need to\u00a0rethink\u00a0their\u00a0offer,\u00a0as new players have to secure their position, and thus\u00a0defining mobility in coming years.<\/p>\n<p>&nbsp;<\/p>\n<p>&nbsp;<\/p>\n","protected":false},"excerpt":{"rendered":"<p>Why Automotive &amp; Mobility surveys? More\u00a0and\u00a0more\u00a0stringent environmental and regulatory contexts, increasing share of emerging markets, urbanization, connectivity, new mobility, autonomous driving\u2026. As many mutations that consequently impact the automotive and mobility industry. The role of the automobile is evolving. Mindsets as well, and new expectations encourage the development of new products and services. In the [&hellip;]<\/p>\n","protected":false},"author":1,"featured_media":0,"parent":449,"menu_order":11,"comment_status":"closed","ping_status":"closed","template":"page-secteur.php","meta":{"_acf_changed":false,"_uag_custom_page_level_css":"","footnotes":""},"acf":[],"yoast_head":"<!-- This site is optimized with the Yoast SEO plugin v23.5 - https:\/\/yoast.com\/wordpress\/plugins\/seo\/ -->\n<title>Automotive &amp; Mobility surveys, Customer Satisfaction, Car clinics<\/title>\n<meta name=\"description\" content=\"Agency specialized in international automotive &amp; mobility surveys: quality, customer satisfaction, syndicated research, Quality Monitoring of Contact Center\" \/>\n<meta name=\"robots\" content=\"index, follow, max-snippet:-1, max-image-preview:large, max-video-preview:-1\" \/>\n<link rel=\"canonical\" href=\"https:\/\/www.ldb-micaresearch.com\/en\/surveys-sectors\/automotive-and-mobility\/\" \/>\n<meta property=\"og:locale\" content=\"en_US\" \/>\n<meta property=\"og:type\" content=\"article\" \/>\n<meta property=\"og:title\" content=\"Automotive &amp; Mobility surveys, Customer Satisfaction, Car clinics\" \/>\n<meta property=\"og:description\" content=\"Agency specialized in international automotive &amp; mobility surveys: quality, customer satisfaction, syndicated research, Quality Monitoring of Contact Center\" \/>\n<meta property=\"og:url\" content=\"https:\/\/www.ldb-micaresearch.com\/en\/surveys-sectors\/automotive-and-mobility\/\" \/>\n<meta property=\"og:site_name\" content=\"LDB Mica Research - Institut d&#039;\u00e9tudes internationales\" \/>\n<meta property=\"article:modified_time\" content=\"2023-07-13T07:33:21+00:00\" \/>\n<meta name=\"twitter:card\" content=\"summary_large_image\" \/>\n<meta name=\"twitter:label1\" content=\"Est. reading time\" \/>\n\t<meta name=\"twitter:data1\" content=\"1 minute\" \/>\n<script type=\"application\/ld+json\" class=\"yoast-schema-graph\">{\"@context\":\"https:\/\/schema.org\",\"@graph\":[{\"@type\":\"WebPage\",\"@id\":\"https:\/\/www.ldb-micaresearch.com\/en\/surveys-sectors\/automotive-and-mobility\/\",\"url\":\"https:\/\/www.ldb-micaresearch.com\/en\/surveys-sectors\/automotive-and-mobility\/\",\"name\":\"Automotive & Mobility surveys, Customer Satisfaction, Car clinics\",\"isPartOf\":{\"@id\":\"https:\/\/www.ldb-micaresearch.com\/en\/#website\"},\"datePublished\":\"2018-09-14T14:17:08+00:00\",\"dateModified\":\"2023-07-13T07:33:21+00:00\",\"description\":\"Agency specialized in international automotive & mobility surveys: quality, customer satisfaction, syndicated research, Quality Monitoring of Contact Center\",\"breadcrumb\":{\"@id\":\"https:\/\/www.ldb-micaresearch.com\/en\/surveys-sectors\/automotive-and-mobility\/#breadcrumb\"},\"inLanguage\":\"en-US\",\"potentialAction\":[{\"@type\":\"ReadAction\",\"target\":[\"https:\/\/www.ldb-micaresearch.com\/en\/surveys-sectors\/automotive-and-mobility\/\"]}]},{\"@type\":\"BreadcrumbList\",\"@id\":\"https:\/\/www.ldb-micaresearch.com\/en\/surveys-sectors\/automotive-and-mobility\/#breadcrumb\",\"itemListElement\":[{\"@type\":\"ListItem\",\"position\":1,\"name\":\"Home\",\"item\":\"https:\/\/www.ldb-micaresearch.com\/en\/\"},{\"@type\":\"ListItem\",\"position\":2,\"name\":\"Sectors\",\"item\":\"https:\/\/www.ldb-micaresearch.com\/en\/surveys-sectors\/\"},{\"@type\":\"ListItem\",\"position\":3,\"name\":\"Automotive and Mobility\"}]},{\"@type\":\"WebSite\",\"@id\":\"https:\/\/www.ldb-micaresearch.com\/en\/#website\",\"url\":\"https:\/\/www.ldb-micaresearch.com\/en\/\",\"name\":\"LDB Mica Research - Institut d&#039;\u00e9tudes internationales\",\"description\":\"Sp\u00e9cialiste de la Satisfaction client depuis plus de 30 ans, notre institut d&#039;\u00e9tudes vous accompagne pour vos Etudes Quali \/ Quanti - Centre d&#039;appels international, Paris.\",\"publisher\":{\"@id\":\"https:\/\/www.ldb-micaresearch.com\/en\/#organization\"},\"potentialAction\":[{\"@type\":\"SearchAction\",\"target\":{\"@type\":\"EntryPoint\",\"urlTemplate\":\"https:\/\/www.ldb-micaresearch.com\/en\/?s={search_term_string}\"},\"query-input\":{\"@type\":\"PropertyValueSpecification\",\"valueRequired\":true,\"valueName\":\"search_term_string\"}}],\"inLanguage\":\"en-US\"},{\"@type\":\"Organization\",\"@id\":\"https:\/\/www.ldb-micaresearch.com\/en\/#organization\",\"name\":\"LDB Mica Research\",\"url\":\"https:\/\/www.ldb-micaresearch.com\/en\/\",\"logo\":{\"@type\":\"ImageObject\",\"inLanguage\":\"en-US\",\"@id\":\"https:\/\/www.ldb-micaresearch.com\/en\/#\/schema\/logo\/image\/\",\"url\":\"http:\/\/s876604401.onlinehome.fr\/wp-content\/uploads\/2019\/01\/Logo-LDB-MR-1.png\",\"contentUrl\":\"http:\/\/s876604401.onlinehome.fr\/wp-content\/uploads\/2019\/01\/Logo-LDB-MR-1.png\",\"width\":312,\"height\":38,\"caption\":\"LDB Mica Research\"},\"image\":{\"@id\":\"https:\/\/www.ldb-micaresearch.com\/en\/#\/schema\/logo\/image\/\"}}]}<\/script>\n<!-- \/ Yoast SEO plugin. -->","yoast_head_json":{"title":"Automotive & Mobility surveys, Customer Satisfaction, Car clinics","description":"Agency specialized in international automotive & mobility surveys: quality, customer satisfaction, syndicated research, Quality Monitoring of Contact Center","robots":{"index":"index","follow":"follow","max-snippet":"max-snippet:-1","max-image-preview":"max-image-preview:large","max-video-preview":"max-video-preview:-1"},"canonical":"https:\/\/www.ldb-micaresearch.com\/en\/surveys-sectors\/automotive-and-mobility\/","og_locale":"en_US","og_type":"article","og_title":"Automotive & Mobility surveys, Customer Satisfaction, Car clinics","og_description":"Agency specialized in international automotive & mobility surveys: quality, customer satisfaction, syndicated research, Quality Monitoring of Contact Center","og_url":"https:\/\/www.ldb-micaresearch.com\/en\/surveys-sectors\/automotive-and-mobility\/","og_site_name":"LDB Mica Research - Institut d&#039;\u00e9tudes internationales","article_modified_time":"2023-07-13T07:33:21+00:00","twitter_card":"summary_large_image","twitter_misc":{"Est. reading time":"1 minute"},"schema":{"@context":"https:\/\/schema.org","@graph":[{"@type":"WebPage","@id":"https:\/\/www.ldb-micaresearch.com\/en\/surveys-sectors\/automotive-and-mobility\/","url":"https:\/\/www.ldb-micaresearch.com\/en\/surveys-sectors\/automotive-and-mobility\/","name":"Automotive & Mobility surveys, Customer Satisfaction, Car clinics","isPartOf":{"@id":"https:\/\/www.ldb-micaresearch.com\/en\/#website"},"datePublished":"2018-09-14T14:17:08+00:00","dateModified":"2023-07-13T07:33:21+00:00","description":"Agency specialized in international automotive & mobility surveys: quality, customer satisfaction, syndicated research, Quality Monitoring of Contact Center","breadcrumb":{"@id":"https:\/\/www.ldb-micaresearch.com\/en\/surveys-sectors\/automotive-and-mobility\/#breadcrumb"},"inLanguage":"en-US","potentialAction":[{"@type":"ReadAction","target":["https:\/\/www.ldb-micaresearch.com\/en\/surveys-sectors\/automotive-and-mobility\/"]}]},{"@type":"BreadcrumbList","@id":"https:\/\/www.ldb-micaresearch.com\/en\/surveys-sectors\/automotive-and-mobility\/#breadcrumb","itemListElement":[{"@type":"ListItem","position":1,"name":"Home","item":"https:\/\/www.ldb-micaresearch.com\/en\/"},{"@type":"ListItem","position":2,"name":"Sectors","item":"https:\/\/www.ldb-micaresearch.com\/en\/surveys-sectors\/"},{"@type":"ListItem","position":3,"name":"Automotive and Mobility"}]},{"@type":"WebSite","@id":"https:\/\/www.ldb-micaresearch.com\/en\/#website","url":"https:\/\/www.ldb-micaresearch.com\/en\/","name":"LDB Mica Research - Institut d&#039;\u00e9tudes internationales","description":"Sp\u00e9cialiste de la Satisfaction client depuis plus de 30 ans, notre institut d&#039;\u00e9tudes vous accompagne pour vos Etudes Quali \/ Quanti - Centre d&#039;appels international, Paris.","publisher":{"@id":"https:\/\/www.ldb-micaresearch.com\/en\/#organization"},"potentialAction":[{"@type":"SearchAction","target":{"@type":"EntryPoint","urlTemplate":"https:\/\/www.ldb-micaresearch.com\/en\/?s={search_term_string}"},"query-input":{"@type":"PropertyValueSpecification","valueRequired":true,"valueName":"search_term_string"}}],"inLanguage":"en-US"},{"@type":"Organization","@id":"https:\/\/www.ldb-micaresearch.com\/en\/#organization","name":"LDB Mica Research","url":"https:\/\/www.ldb-micaresearch.com\/en\/","logo":{"@type":"ImageObject","inLanguage":"en-US","@id":"https:\/\/www.ldb-micaresearch.com\/en\/#\/schema\/logo\/image\/","url":"http:\/\/s876604401.onlinehome.fr\/wp-content\/uploads\/2019\/01\/Logo-LDB-MR-1.png","contentUrl":"http:\/\/s876604401.onlinehome.fr\/wp-content\/uploads\/2019\/01\/Logo-LDB-MR-1.png","width":312,"height":38,"caption":"LDB Mica Research"},"image":{"@id":"https:\/\/www.ldb-micaresearch.com\/en\/#\/schema\/logo\/image\/"}}]}},"uagb_featured_image_src":{"full":false,"thumbnail":false,"medium":false,"medium_large":false,"large":false,"1536x1536":false,"2048x2048":false},"uagb_author_info":{"display_name":"LDB Mica Research","author_link":"https:\/\/www.ldb-micaresearch.com\/en\/author\/ldbadmin\/"},"uagb_comment_info":0,"uagb_excerpt":"Why Automotive &amp; Mobility surveys? More\u00a0and\u00a0more\u00a0stringent environmental and regulatory contexts, increasing share of emerging markets, urbanization, connectivity, new mobility, autonomous driving\u2026. As many mutations that consequently impact the automotive and mobility industry. The role of the automobile is evolving. Mindsets as well, and new expectations encourage the development of new products and services. In the&hellip;","_links":{"self":[{"href":"https:\/\/www.ldb-micaresearch.com\/en\/wp-json\/wp\/v2\/pages\/452"}],"collection":[{"href":"https:\/\/www.ldb-micaresearch.com\/en\/wp-json\/wp\/v2\/pages"}],"about":[{"href":"https:\/\/www.ldb-micaresearch.com\/en\/wp-json\/wp\/v2\/types\/page"}],"author":[{"embeddable":true,"href":"https:\/\/www.ldb-micaresearch.com\/en\/wp-json\/wp\/v2\/users\/1"}],"replies":[{"embeddable":true,"href":"https:\/\/www.ldb-micaresearch.com\/en\/wp-json\/wp\/v2\/comments?post=452"}],"version-history":[{"count":26,"href":"https:\/\/www.ldb-micaresearch.com\/en\/wp-json\/wp\/v2\/pages\/452\/revisions"}],"predecessor-version":[{"id":5287,"href":"https:\/\/www.ldb-micaresearch.com\/en\/wp-json\/wp\/v2\/pages\/452\/revisions\/5287"}],"up":[{"embeddable":true,"href":"https:\/\/www.ldb-micaresearch.com\/en\/wp-json\/wp\/v2\/pages\/449"}],"wp:attachment":[{"href":"https:\/\/www.ldb-micaresearch.com\/en\/wp-json\/wp\/v2\/media?parent=452"}],"curies":[{"name":"wp","href":"https:\/\/api.w.org\/{rel}","templated":true}]}}