{"id":465,"date":"2018-09-14T16:31:01","date_gmt":"2018-09-14T14:31:01","guid":{"rendered":"https:\/\/www.ldb-micaresearch.com\/secteurs\/univers-btob\/"},"modified":"2023-07-13T11:30:53","modified_gmt":"2023-07-13T09:30:53","slug":"btob-surveys","status":"publish","type":"page","link":"https:\/\/www.ldb-micaresearch.com\/en\/surveys-sectors\/btob-surveys\/","title":{"rendered":"B<span>to<\/span>B Business"},"content":{"rendered":"<p>The digital boom is now changing the customer experience and relationship in BtoB business (and consequently BtoB surveys).<\/p>\n<p>First the digital boom allows customers to be more informed, more demanding and able to quickly turn to a competitor.<\/p>\n<p>On the other hand it allows leading companies to differentiate themselves from competition by developing a new kind of relationship with their clients, more transparent, more confident, more interactive to better meet their needs.<\/p>\n<p>In addition, a BtoB client is more involved in its purchase decision. Indeed, it represents financial and human investments for its company, and even beyond that some investments on its future.<\/p>\n<p>Delighting its BtoB client. Whatever intermediary or final, it is a guarantee of loyalty and long-term relationship, also for the benefit of its\/your final clients.<\/p>\n","protected":false},"excerpt":{"rendered":"<p>The digital boom is now changing the customer experience and relationship in BtoB business (and consequently BtoB surveys). First the digital boom allows customers to be more informed, more demanding and able to quickly turn to a competitor. On the other hand it allows leading companies to differentiate themselves from competition by developing a new [&hellip;]<\/p>\n","protected":false},"author":1,"featured_media":0,"parent":449,"menu_order":17,"comment_status":"closed","ping_status":"closed","template":"page-secteur.php","meta":{"_acf_changed":false,"_uag_custom_page_level_css":"","footnotes":""},"acf":[],"yoast_head":"<!-- This site is optimized with the Yoast SEO plugin v23.5 - https:\/\/yoast.com\/wordpress\/plugins\/seo\/ -->\n<title>BtoB Surveys, Customer journey, digital, Services tests, Brand Surveys<\/title>\n<meta name=\"description\" content=\"BtoB surveys. Strong experience of LDB Mica Research in the interrogation of this target, centralized international call platform in Paris.\" \/>\n<meta name=\"robots\" content=\"index, follow, max-snippet:-1, max-image-preview:large, max-video-preview:-1\" \/>\n<link rel=\"canonical\" href=\"https:\/\/www.ldb-micaresearch.com\/en\/surveys-sectors\/btob-surveys\/\" \/>\n<meta property=\"og:locale\" content=\"en_US\" \/>\n<meta property=\"og:type\" content=\"article\" \/>\n<meta property=\"og:title\" content=\"BtoB Surveys, Customer journey, digital, Services tests, Brand Surveys\" \/>\n<meta property=\"og:description\" content=\"BtoB surveys. Strong experience of LDB Mica Research in the interrogation of this target, centralized international call platform in Paris.\" \/>\n<meta property=\"og:url\" content=\"https:\/\/www.ldb-micaresearch.com\/en\/surveys-sectors\/btob-surveys\/\" \/>\n<meta property=\"og:site_name\" content=\"LDB Mica Research - Institut d&#039;\u00e9tudes internationales\" \/>\n<meta property=\"article:modified_time\" content=\"2023-07-13T09:30:53+00:00\" \/>\n<meta name=\"twitter:card\" content=\"summary_large_image\" \/>\n<meta name=\"twitter:label1\" content=\"Est. reading time\" \/>\n\t<meta name=\"twitter:data1\" content=\"1 minute\" \/>\n<script type=\"application\/ld+json\" class=\"yoast-schema-graph\">{\"@context\":\"https:\/\/schema.org\",\"@graph\":[{\"@type\":\"WebPage\",\"@id\":\"https:\/\/www.ldb-micaresearch.com\/en\/surveys-sectors\/btob-surveys\/\",\"url\":\"https:\/\/www.ldb-micaresearch.com\/en\/surveys-sectors\/btob-surveys\/\",\"name\":\"BtoB Surveys, Customer journey, digital, Services tests, Brand Surveys\",\"isPartOf\":{\"@id\":\"https:\/\/www.ldb-micaresearch.com\/en\/#website\"},\"datePublished\":\"2018-09-14T14:31:01+00:00\",\"dateModified\":\"2023-07-13T09:30:53+00:00\",\"description\":\"BtoB surveys. Strong experience of LDB Mica Research in the interrogation of this target, centralized international call platform in Paris.\",\"breadcrumb\":{\"@id\":\"https:\/\/www.ldb-micaresearch.com\/en\/surveys-sectors\/btob-surveys\/#breadcrumb\"},\"inLanguage\":\"en-US\",\"potentialAction\":[{\"@type\":\"ReadAction\",\"target\":[\"https:\/\/www.ldb-micaresearch.com\/en\/surveys-sectors\/btob-surveys\/\"]}]},{\"@type\":\"BreadcrumbList\",\"@id\":\"https:\/\/www.ldb-micaresearch.com\/en\/surveys-sectors\/btob-surveys\/#breadcrumb\",\"itemListElement\":[{\"@type\":\"ListItem\",\"position\":1,\"name\":\"Home\",\"item\":\"https:\/\/www.ldb-micaresearch.com\/en\/\"},{\"@type\":\"ListItem\",\"position\":2,\"name\":\"Sectors\",\"item\":\"https:\/\/www.ldb-micaresearch.com\/en\/surveys-sectors\/\"},{\"@type\":\"ListItem\",\"position\":3,\"name\":\"BtoB Business\"}]},{\"@type\":\"WebSite\",\"@id\":\"https:\/\/www.ldb-micaresearch.com\/en\/#website\",\"url\":\"https:\/\/www.ldb-micaresearch.com\/en\/\",\"name\":\"LDB Mica Research - Institut d&#039;\u00e9tudes internationales\",\"description\":\"Sp\u00e9cialiste de la Satisfaction client depuis plus de 30 ans, notre institut d&#039;\u00e9tudes vous accompagne pour vos Etudes Quali \/ Quanti - Centre d&#039;appels international, Paris.\",\"publisher\":{\"@id\":\"https:\/\/www.ldb-micaresearch.com\/en\/#organization\"},\"potentialAction\":[{\"@type\":\"SearchAction\",\"target\":{\"@type\":\"EntryPoint\",\"urlTemplate\":\"https:\/\/www.ldb-micaresearch.com\/en\/?s={search_term_string}\"},\"query-input\":{\"@type\":\"PropertyValueSpecification\",\"valueRequired\":true,\"valueName\":\"search_term_string\"}}],\"inLanguage\":\"en-US\"},{\"@type\":\"Organization\",\"@id\":\"https:\/\/www.ldb-micaresearch.com\/en\/#organization\",\"name\":\"LDB Mica Research\",\"url\":\"https:\/\/www.ldb-micaresearch.com\/en\/\",\"logo\":{\"@type\":\"ImageObject\",\"inLanguage\":\"en-US\",\"@id\":\"https:\/\/www.ldb-micaresearch.com\/en\/#\/schema\/logo\/image\/\",\"url\":\"http:\/\/s876604401.onlinehome.fr\/wp-content\/uploads\/2019\/01\/Logo-LDB-MR-1.png\",\"contentUrl\":\"http:\/\/s876604401.onlinehome.fr\/wp-content\/uploads\/2019\/01\/Logo-LDB-MR-1.png\",\"width\":312,\"height\":38,\"caption\":\"LDB Mica Research\"},\"image\":{\"@id\":\"https:\/\/www.ldb-micaresearch.com\/en\/#\/schema\/logo\/image\/\"}}]}<\/script>\n<!-- \/ Yoast SEO plugin. -->","yoast_head_json":{"title":"BtoB Surveys, Customer journey, digital, Services tests, Brand Surveys","description":"BtoB surveys. Strong experience of LDB Mica Research in the interrogation of this target, centralized international call platform in Paris.","robots":{"index":"index","follow":"follow","max-snippet":"max-snippet:-1","max-image-preview":"max-image-preview:large","max-video-preview":"max-video-preview:-1"},"canonical":"https:\/\/www.ldb-micaresearch.com\/en\/surveys-sectors\/btob-surveys\/","og_locale":"en_US","og_type":"article","og_title":"BtoB Surveys, Customer journey, digital, Services tests, Brand Surveys","og_description":"BtoB surveys. Strong experience of LDB Mica Research in the interrogation of this target, centralized international call platform in Paris.","og_url":"https:\/\/www.ldb-micaresearch.com\/en\/surveys-sectors\/btob-surveys\/","og_site_name":"LDB Mica Research - Institut d&#039;\u00e9tudes internationales","article_modified_time":"2023-07-13T09:30:53+00:00","twitter_card":"summary_large_image","twitter_misc":{"Est. reading time":"1 minute"},"schema":{"@context":"https:\/\/schema.org","@graph":[{"@type":"WebPage","@id":"https:\/\/www.ldb-micaresearch.com\/en\/surveys-sectors\/btob-surveys\/","url":"https:\/\/www.ldb-micaresearch.com\/en\/surveys-sectors\/btob-surveys\/","name":"BtoB Surveys, Customer journey, digital, Services tests, Brand Surveys","isPartOf":{"@id":"https:\/\/www.ldb-micaresearch.com\/en\/#website"},"datePublished":"2018-09-14T14:31:01+00:00","dateModified":"2023-07-13T09:30:53+00:00","description":"BtoB surveys. Strong experience of LDB Mica Research in the interrogation of this target, centralized international call platform in Paris.","breadcrumb":{"@id":"https:\/\/www.ldb-micaresearch.com\/en\/surveys-sectors\/btob-surveys\/#breadcrumb"},"inLanguage":"en-US","potentialAction":[{"@type":"ReadAction","target":["https:\/\/www.ldb-micaresearch.com\/en\/surveys-sectors\/btob-surveys\/"]}]},{"@type":"BreadcrumbList","@id":"https:\/\/www.ldb-micaresearch.com\/en\/surveys-sectors\/btob-surveys\/#breadcrumb","itemListElement":[{"@type":"ListItem","position":1,"name":"Home","item":"https:\/\/www.ldb-micaresearch.com\/en\/"},{"@type":"ListItem","position":2,"name":"Sectors","item":"https:\/\/www.ldb-micaresearch.com\/en\/surveys-sectors\/"},{"@type":"ListItem","position":3,"name":"BtoB Business"}]},{"@type":"WebSite","@id":"https:\/\/www.ldb-micaresearch.com\/en\/#website","url":"https:\/\/www.ldb-micaresearch.com\/en\/","name":"LDB Mica Research - Institut d&#039;\u00e9tudes internationales","description":"Sp\u00e9cialiste de la Satisfaction client depuis plus de 30 ans, notre institut d&#039;\u00e9tudes vous accompagne pour vos Etudes Quali \/ Quanti - Centre d&#039;appels international, Paris.","publisher":{"@id":"https:\/\/www.ldb-micaresearch.com\/en\/#organization"},"potentialAction":[{"@type":"SearchAction","target":{"@type":"EntryPoint","urlTemplate":"https:\/\/www.ldb-micaresearch.com\/en\/?s={search_term_string}"},"query-input":{"@type":"PropertyValueSpecification","valueRequired":true,"valueName":"search_term_string"}}],"inLanguage":"en-US"},{"@type":"Organization","@id":"https:\/\/www.ldb-micaresearch.com\/en\/#organization","name":"LDB Mica Research","url":"https:\/\/www.ldb-micaresearch.com\/en\/","logo":{"@type":"ImageObject","inLanguage":"en-US","@id":"https:\/\/www.ldb-micaresearch.com\/en\/#\/schema\/logo\/image\/","url":"http:\/\/s876604401.onlinehome.fr\/wp-content\/uploads\/2019\/01\/Logo-LDB-MR-1.png","contentUrl":"http:\/\/s876604401.onlinehome.fr\/wp-content\/uploads\/2019\/01\/Logo-LDB-MR-1.png","width":312,"height":38,"caption":"LDB Mica Research"},"image":{"@id":"https:\/\/www.ldb-micaresearch.com\/en\/#\/schema\/logo\/image\/"}}]}},"uagb_featured_image_src":{"full":false,"thumbnail":false,"medium":false,"medium_large":false,"large":false,"1536x1536":false,"2048x2048":false},"uagb_author_info":{"display_name":"LDB Mica Research","author_link":"https:\/\/www.ldb-micaresearch.com\/en\/author\/ldbadmin\/"},"uagb_comment_info":0,"uagb_excerpt":"The digital boom is now changing the customer experience and relationship in BtoB business (and consequently BtoB surveys). First the digital boom allows customers to be more informed, more demanding and able to quickly turn to a competitor. On the other hand it allows leading companies to differentiate themselves from competition by developing a new&hellip;","_links":{"self":[{"href":"https:\/\/www.ldb-micaresearch.com\/en\/wp-json\/wp\/v2\/pages\/465"}],"collection":[{"href":"https:\/\/www.ldb-micaresearch.com\/en\/wp-json\/wp\/v2\/pages"}],"about":[{"href":"https:\/\/www.ldb-micaresearch.com\/en\/wp-json\/wp\/v2\/types\/page"}],"author":[{"embeddable":true,"href":"https:\/\/www.ldb-micaresearch.com\/en\/wp-json\/wp\/v2\/users\/1"}],"replies":[{"embeddable":true,"href":"https:\/\/www.ldb-micaresearch.com\/en\/wp-json\/wp\/v2\/comments?post=465"}],"version-history":[{"count":44,"href":"https:\/\/www.ldb-micaresearch.com\/en\/wp-json\/wp\/v2\/pages\/465\/revisions"}],"predecessor-version":[{"id":5310,"href":"https:\/\/www.ldb-micaresearch.com\/en\/wp-json\/wp\/v2\/pages\/465\/revisions\/5310"}],"up":[{"embeddable":true,"href":"https:\/\/www.ldb-micaresearch.com\/en\/wp-json\/wp\/v2\/pages\/449"}],"wp:attachment":[{"href":"https:\/\/www.ldb-micaresearch.com\/en\/wp-json\/wp\/v2\/media?parent=465"}],"curies":[{"name":"wp","href":"https:\/\/api.w.org\/{rel}","templated":true}]}}