{"id":471,"date":"2018-09-25T14:43:08","date_gmt":"2018-09-25T12:43:08","guid":{"rendered":"https:\/\/www.ldb-micaresearch.com\/metiers\/prospective-et-innovation\/"},"modified":"2023-07-13T11:06:27","modified_gmt":"2023-07-13T09:06:27","slug":"prospective-et-innovation","status":"publish","type":"page","link":"https:\/\/www.ldb-micaresearch.com\/en\/functions\/prospective-et-innovation\/","title":{"rendered":"Prospective and Innovation"},"content":{"rendered":"<p>Why conduct Prospective and Innovation surveys?<\/p>\n<p>The ongoing uncertainty and complexity further increase the need for companies to identify all possible scenarios in the future and detect the main trends. In order to better define their strategy and by changing from a short to a medium and long term vision.<\/p>\n<p>In times of crisis, prospective holds a central role for companies.<br \/>\nIn order to gain more insights into the future of their business sector and to guide their development.<\/p>\n<p>Depending on their sector, culture or management, every company can organize its prospective activity as they want.<br \/>\nInvolving more than the general management but also other functions, especially teams dedicated to innovation, market research, business intelligence or R&amp;D.<\/p>\n","protected":false},"excerpt":{"rendered":"<p>Why conduct Prospective and Innovation surveys? The ongoing uncertainty and complexity further increase the need for companies to identify all possible scenarios in the future and detect the main trends. In order to better define their strategy and by changing from a short to a medium and long term vision. In times of crisis, prospective [&hellip;]<\/p>\n","protected":false},"author":1,"featured_media":0,"parent":467,"menu_order":27,"comment_status":"closed","ping_status":"closed","template":"page-metier.php","meta":{"_acf_changed":false,"_uag_custom_page_level_css":"","footnotes":""},"acf":[],"yoast_head":"<!-- This site is optimized with the Yoast SEO plugin v23.5 - https:\/\/yoast.com\/wordpress\/plugins\/seo\/ -->\n<title>Prospective and Innovation - LDB Mica Research - Institut d&#039;\u00e9tudes internationales<\/title>\n<meta name=\"robots\" content=\"index, follow, max-snippet:-1, max-image-preview:large, max-video-preview:-1\" \/>\n<link rel=\"canonical\" href=\"https:\/\/www.ldb-micaresearch.com\/en\/functions\/prospective-et-innovation\/\" \/>\n<meta property=\"og:locale\" content=\"en_US\" \/>\n<meta property=\"og:type\" content=\"article\" \/>\n<meta property=\"og:title\" content=\"Prospective and Innovation - LDB Mica Research - Institut d&#039;\u00e9tudes internationales\" \/>\n<meta property=\"og:description\" content=\"Why conduct Prospective and Innovation surveys? The ongoing uncertainty and complexity further increase the need for companies to identify all possible scenarios in the future and detect the main trends. In order to better define their strategy and by changing from a short to a medium and long term vision. In times of crisis, prospective [&hellip;]\" \/>\n<meta property=\"og:url\" content=\"https:\/\/www.ldb-micaresearch.com\/en\/functions\/prospective-et-innovation\/\" \/>\n<meta property=\"og:site_name\" content=\"LDB Mica Research - Institut d&#039;\u00e9tudes internationales\" \/>\n<meta property=\"article:modified_time\" content=\"2023-07-13T09:06:27+00:00\" \/>\n<meta name=\"twitter:card\" content=\"summary_large_image\" \/>\n<meta name=\"twitter:label1\" content=\"Est. reading time\" \/>\n\t<meta name=\"twitter:data1\" content=\"1 minute\" \/>\n<script type=\"application\/ld+json\" class=\"yoast-schema-graph\">{\"@context\":\"https:\/\/schema.org\",\"@graph\":[{\"@type\":\"WebPage\",\"@id\":\"https:\/\/www.ldb-micaresearch.com\/en\/functions\/prospective-et-innovation\/\",\"url\":\"https:\/\/www.ldb-micaresearch.com\/en\/functions\/prospective-et-innovation\/\",\"name\":\"Prospective and Innovation - LDB Mica Research - Institut d&#039;\u00e9tudes internationales\",\"isPartOf\":{\"@id\":\"https:\/\/www.ldb-micaresearch.com\/en\/#website\"},\"datePublished\":\"2018-09-25T12:43:08+00:00\",\"dateModified\":\"2023-07-13T09:06:27+00:00\",\"breadcrumb\":{\"@id\":\"https:\/\/www.ldb-micaresearch.com\/en\/functions\/prospective-et-innovation\/#breadcrumb\"},\"inLanguage\":\"en-US\",\"potentialAction\":[{\"@type\":\"ReadAction\",\"target\":[\"https:\/\/www.ldb-micaresearch.com\/en\/functions\/prospective-et-innovation\/\"]}]},{\"@type\":\"BreadcrumbList\",\"@id\":\"https:\/\/www.ldb-micaresearch.com\/en\/functions\/prospective-et-innovation\/#breadcrumb\",\"itemListElement\":[{\"@type\":\"ListItem\",\"position\":1,\"name\":\"Home\",\"item\":\"https:\/\/www.ldb-micaresearch.com\/en\/\"},{\"@type\":\"ListItem\",\"position\":2,\"name\":\"Jobs\",\"item\":\"https:\/\/www.ldb-micaresearch.com\/en\/functions\/\"},{\"@type\":\"ListItem\",\"position\":3,\"name\":\"Prospective and Innovation\"}]},{\"@type\":\"WebSite\",\"@id\":\"https:\/\/www.ldb-micaresearch.com\/en\/#website\",\"url\":\"https:\/\/www.ldb-micaresearch.com\/en\/\",\"name\":\"LDB Mica Research - Institut d&#039;\u00e9tudes internationales\",\"description\":\"Sp\u00e9cialiste de la Satisfaction client depuis plus de 30 ans, notre institut d&#039;\u00e9tudes vous accompagne pour vos Etudes Quali \/ Quanti - Centre d&#039;appels international, Paris.\",\"publisher\":{\"@id\":\"https:\/\/www.ldb-micaresearch.com\/en\/#organization\"},\"potentialAction\":[{\"@type\":\"SearchAction\",\"target\":{\"@type\":\"EntryPoint\",\"urlTemplate\":\"https:\/\/www.ldb-micaresearch.com\/en\/?s={search_term_string}\"},\"query-input\":{\"@type\":\"PropertyValueSpecification\",\"valueRequired\":true,\"valueName\":\"search_term_string\"}}],\"inLanguage\":\"en-US\"},{\"@type\":\"Organization\",\"@id\":\"https:\/\/www.ldb-micaresearch.com\/en\/#organization\",\"name\":\"LDB Mica Research\",\"url\":\"https:\/\/www.ldb-micaresearch.com\/en\/\",\"logo\":{\"@type\":\"ImageObject\",\"inLanguage\":\"en-US\",\"@id\":\"https:\/\/www.ldb-micaresearch.com\/en\/#\/schema\/logo\/image\/\",\"url\":\"http:\/\/s876604401.onlinehome.fr\/wp-content\/uploads\/2019\/01\/Logo-LDB-MR-1.png\",\"contentUrl\":\"http:\/\/s876604401.onlinehome.fr\/wp-content\/uploads\/2019\/01\/Logo-LDB-MR-1.png\",\"width\":312,\"height\":38,\"caption\":\"LDB Mica Research\"},\"image\":{\"@id\":\"https:\/\/www.ldb-micaresearch.com\/en\/#\/schema\/logo\/image\/\"}}]}<\/script>\n<!-- \/ Yoast SEO plugin. -->","yoast_head_json":{"title":"Prospective and Innovation - LDB Mica Research - Institut d&#039;\u00e9tudes internationales","robots":{"index":"index","follow":"follow","max-snippet":"max-snippet:-1","max-image-preview":"max-image-preview:large","max-video-preview":"max-video-preview:-1"},"canonical":"https:\/\/www.ldb-micaresearch.com\/en\/functions\/prospective-et-innovation\/","og_locale":"en_US","og_type":"article","og_title":"Prospective and Innovation - LDB Mica Research - Institut d&#039;\u00e9tudes internationales","og_description":"Why conduct Prospective and Innovation surveys? The ongoing uncertainty and complexity further increase the need for companies to identify all possible scenarios in the future and detect the main trends. In order to better define their strategy and by changing from a short to a medium and long term vision. In times of crisis, prospective [&hellip;]","og_url":"https:\/\/www.ldb-micaresearch.com\/en\/functions\/prospective-et-innovation\/","og_site_name":"LDB Mica Research - Institut d&#039;\u00e9tudes internationales","article_modified_time":"2023-07-13T09:06:27+00:00","twitter_card":"summary_large_image","twitter_misc":{"Est. reading time":"1 minute"},"schema":{"@context":"https:\/\/schema.org","@graph":[{"@type":"WebPage","@id":"https:\/\/www.ldb-micaresearch.com\/en\/functions\/prospective-et-innovation\/","url":"https:\/\/www.ldb-micaresearch.com\/en\/functions\/prospective-et-innovation\/","name":"Prospective and Innovation - LDB Mica Research - Institut d&#039;\u00e9tudes internationales","isPartOf":{"@id":"https:\/\/www.ldb-micaresearch.com\/en\/#website"},"datePublished":"2018-09-25T12:43:08+00:00","dateModified":"2023-07-13T09:06:27+00:00","breadcrumb":{"@id":"https:\/\/www.ldb-micaresearch.com\/en\/functions\/prospective-et-innovation\/#breadcrumb"},"inLanguage":"en-US","potentialAction":[{"@type":"ReadAction","target":["https:\/\/www.ldb-micaresearch.com\/en\/functions\/prospective-et-innovation\/"]}]},{"@type":"BreadcrumbList","@id":"https:\/\/www.ldb-micaresearch.com\/en\/functions\/prospective-et-innovation\/#breadcrumb","itemListElement":[{"@type":"ListItem","position":1,"name":"Home","item":"https:\/\/www.ldb-micaresearch.com\/en\/"},{"@type":"ListItem","position":2,"name":"Jobs","item":"https:\/\/www.ldb-micaresearch.com\/en\/functions\/"},{"@type":"ListItem","position":3,"name":"Prospective and Innovation"}]},{"@type":"WebSite","@id":"https:\/\/www.ldb-micaresearch.com\/en\/#website","url":"https:\/\/www.ldb-micaresearch.com\/en\/","name":"LDB Mica Research - Institut d&#039;\u00e9tudes internationales","description":"Sp\u00e9cialiste de la Satisfaction client depuis plus de 30 ans, notre institut d&#039;\u00e9tudes vous accompagne pour vos Etudes Quali \/ Quanti - Centre d&#039;appels international, Paris.","publisher":{"@id":"https:\/\/www.ldb-micaresearch.com\/en\/#organization"},"potentialAction":[{"@type":"SearchAction","target":{"@type":"EntryPoint","urlTemplate":"https:\/\/www.ldb-micaresearch.com\/en\/?s={search_term_string}"},"query-input":{"@type":"PropertyValueSpecification","valueRequired":true,"valueName":"search_term_string"}}],"inLanguage":"en-US"},{"@type":"Organization","@id":"https:\/\/www.ldb-micaresearch.com\/en\/#organization","name":"LDB Mica Research","url":"https:\/\/www.ldb-micaresearch.com\/en\/","logo":{"@type":"ImageObject","inLanguage":"en-US","@id":"https:\/\/www.ldb-micaresearch.com\/en\/#\/schema\/logo\/image\/","url":"http:\/\/s876604401.onlinehome.fr\/wp-content\/uploads\/2019\/01\/Logo-LDB-MR-1.png","contentUrl":"http:\/\/s876604401.onlinehome.fr\/wp-content\/uploads\/2019\/01\/Logo-LDB-MR-1.png","width":312,"height":38,"caption":"LDB Mica Research"},"image":{"@id":"https:\/\/www.ldb-micaresearch.com\/en\/#\/schema\/logo\/image\/"}}]}},"uagb_featured_image_src":{"full":false,"thumbnail":false,"medium":false,"medium_large":false,"large":false,"1536x1536":false,"2048x2048":false},"uagb_author_info":{"display_name":"LDB Mica Research","author_link":"https:\/\/www.ldb-micaresearch.com\/en\/author\/ldbadmin\/"},"uagb_comment_info":0,"uagb_excerpt":"Why conduct Prospective and Innovation surveys? The ongoing uncertainty and complexity further increase the need for companies to identify all possible scenarios in the future and detect the main trends. In order to better define their strategy and by changing from a short to a medium and long term vision. In times of crisis, prospective&hellip;","_links":{"self":[{"href":"https:\/\/www.ldb-micaresearch.com\/en\/wp-json\/wp\/v2\/pages\/471"}],"collection":[{"href":"https:\/\/www.ldb-micaresearch.com\/en\/wp-json\/wp\/v2\/pages"}],"about":[{"href":"https:\/\/www.ldb-micaresearch.com\/en\/wp-json\/wp\/v2\/types\/page"}],"author":[{"embeddable":true,"href":"https:\/\/www.ldb-micaresearch.com\/en\/wp-json\/wp\/v2\/users\/1"}],"replies":[{"embeddable":true,"href":"https:\/\/www.ldb-micaresearch.com\/en\/wp-json\/wp\/v2\/comments?post=471"}],"version-history":[{"count":37,"href":"https:\/\/www.ldb-micaresearch.com\/en\/wp-json\/wp\/v2\/pages\/471\/revisions"}],"predecessor-version":[{"id":5306,"href":"https:\/\/www.ldb-micaresearch.com\/en\/wp-json\/wp\/v2\/pages\/471\/revisions\/5306"}],"up":[{"embeddable":true,"href":"https:\/\/www.ldb-micaresearch.com\/en\/wp-json\/wp\/v2\/pages\/467"}],"wp:attachment":[{"href":"https:\/\/www.ldb-micaresearch.com\/en\/wp-json\/wp\/v2\/media?parent=471"}],"curies":[{"name":"wp","href":"https:\/\/api.w.org\/{rel}","templated":true}]}}