{"id":5047,"date":"2023-07-12T18:06:40","date_gmt":"2023-07-12T16:06:40","guid":{"rendered":"https:\/\/www.ldb-micaresearch.com\/?page_id=5047"},"modified":"2023-07-12T18:06:40","modified_gmt":"2023-07-12T16:06:40","slug":"cookies","status":"publish","type":"page","link":"https:\/\/www.ldb-micaresearch.com\/en\/cookies\/","title":{"rendered":"COOKIES"},"content":{"rendered":"<h3 style=\"text-align: center;\"><span style=\"font-size: 90%;\">Cookies<\/span><\/h3>\n<p style=\"text-align: left;\"><span style=\"font-size: 70%;\"> A cookie (hereinafter the &#8220;Cookie(s)&#8221;) is a text file that can be saved on a terminal, such as your hard disk, when viewing a Service with a browser. A Cookie allows its issuer, during its period of validity, to recognise the relevant terminal each time the terminal accesses digital content containing cookies from the same issuer.<\/span><\/p>\n<p style=\"text-align: left;\"><span style=\"font-size: 70%;\"> The User is informed that, during his\/her connections on the website or the Applications and when using the Services, Cookies are installed on his reception terminal (computer, tablet, smartphone, etc.), or on his browser subject to the choice made by the User regarding cookies for the proper functioning of the Services; this choice can be modified at any time.<\/span><\/p>\n<p style=\"text-align: left;\"><span style=\"font-size: 70%;\"><strong><u> Navigation cookies on the website:<\/u><\/strong><\/span><\/p>\n<p style=\"text-align: left;\"><span style=\"font-size: 70%;\"> Navigation Cookies improve the performance of the Services in order to provide the User with an enhanced website and Application interface. These Cookies do not strictly require the information collected for proper functioning, not do they require the prior consent of the User to be stored on the User&#8217;s terminal.<\/span><\/p>\n<p style=\"text-align: left;\"><span style=\"font-size: 70%;\"> Navigation Cookies allow, in particular:<\/span><\/p>\n<ul>\n<li style=\"text-align: left;\"><span style=\"font-size: 90%;\"> To adapt the presentation of the website and the Applications to the display preferences of the terminal (language used, display resolution, operating system used, etc.) during the User\u2019s visits to the website and the Applications, according to the hardware and software used by the terminal for viewing or reading content;<\/span><\/li>\n<li style=\"text-align: left;\"><span style=\"font-size: 90%;\"> To allow access to a restricted area, subject to a Username and password;<\/span><\/li>\n<li style=\"text-align: left;\"><span style=\"font-size: 90%;\"> To memorise information on the form that the User has completed on the website and the Applications or information that the User has chosen on the website or the Application;<\/span><\/li>\n<li style=\"text-align: left;\"><span style=\"font-size: 90%;\"> To offer the User access to his account or any other area reserved for subscribers using his login credentials;<\/span><\/li>\n<li style=\"text-align: left;\"><span style=\"font-size: 90%;\"> To implement security measures, for example when the User is asked to connect again to a content or to a Service after a certain period of time has lapsed.<\/span><\/li>\n<\/ul>\n<p style=\"text-align: left;\"><span style=\"font-size: 70%;\"> Google Analytics tags, which track website traffic. They collect information about the location of visitors according to the country of connection, time spent on the page and the pages visited.<\/span><\/p>\n<p style=\"text-align: left;\"><span style=\"font-size: 70%;\"><strong><u> Refusing of cookies:<\/u><\/strong><\/span><\/p>\n<p style=\"text-align: left;\"><span style=\"font-size: 70%;\">The User can configure his browser so that Cookies are either saved on the terminal or rejected, either systematically or by issuer.<\/span><\/p>\n<p style=\"text-align: left;\"><span style=\"font-size: 70%;\"> The User can also configure his browser so that the acceptance or refusal of Cookies is proposed to him timeously, before a Cookie is likely to be registered on his terminal.<\/span><\/p>\n<p style=\"text-align: left;\"><span style=\"font-size: 70%;\"> For the management of Cookies and User choices, the configuration of each browser is different. These are described in each browser\u2019s help menu, which will show you how to change your Cookies preferences:<\/span><\/p>\n<p style=\"text-align: left;\"><span style=\"font-size: 70%;\">For <a href=\"http:\/\/docs.info.apple.com\/article.html?path=Safari\/3.0\/fr\/9277.html\">Safari\u2122<\/a><\/span><\/p>\n<p style=\"text-align: left;\"><span style=\"font-size: 70%;\"> For <a href=\"http:\/\/support.google.com\/chrome\/bin\/answer.py?hl=fr&amp;hlrm=en&amp;answer=95647\">Chrome\u2122<\/a><\/span><\/p>\n<p style=\"text-align: left;\"><span style=\"font-size: 70%;\"> For <a href=\"http:\/\/support.mozilla.org\/fr\/kb\/Activer%20et%20d%C3%A9sactiver%20les%20cookies\">Firefox\u2122<\/a><\/span><\/p>\n<p style=\"text-align: left;\"><span style=\"font-size: 70%;\"> For <a href=\"http:\/\/help.opera.com\/Windows\/10.20\/fr\/cookies.html\">Opera\u2122<\/a><\/span><\/p>\n<p style=\"text-align: left;\"><span style=\"font-size: 70%;\"> For <a href=\"http:\/\/windows.microsoft.com\/fr-FR\/windows-vista\/Block-or-allow-cookies\">Internet Explorer\u2122<\/a><\/span><\/p>\n<p style=\"text-align: left;\"><span style=\"font-size: 70%;\"> At any time, the User can choose to modify his Cookie preferences.<\/span><\/p>\n<p style=\"text-align: left;\"><span style=\"font-size: 70%;\"> Finally, the User can consult the website \u2018YourOnlineChoices\u2019, an online resource developed by the European advertising industry\u2019s European Interactive Digital Advertising Alliance (EDAA) and managed in France by the French Interactive Advertising Office.<\/span><\/p>\n<p style=\"text-align: left;\"><span style=\"font-size: 70%;\"> The retention period of cookies varies depending on the type of cookies. We mainly use cookies that self-destruct once the connection has been terminated. These are so-called \u201csession\u201d or \u201cbrowsing\u201d cookies. A log file also allows us to log all visits to our web pages or downloads of files available on our website and does so for a period of 6 months. Finally, information about your Cookies preferences is stored for a maximum of 13 months. Cookies are for internal use and are not accessible to third parties.<\/span><\/p>\n","protected":false},"excerpt":{"rendered":"<p>Cookies A cookie (hereinafter the &#8220;Cookie(s)&#8221;) is a text file that can be saved on a terminal, such as your hard disk, when viewing a Service with a browser. A Cookie allows its issuer, during its period of validity, to recognise the relevant terminal each time the terminal accesses digital content containing cookies from the [&hellip;]<\/p>\n","protected":false},"author":1,"featured_media":0,"parent":0,"menu_order":43,"comment_status":"closed","ping_status":"closed","template":"","meta":{"_acf_changed":false,"_uag_custom_page_level_css":"","footnotes":""},"acf":[],"yoast_head":"<!-- This site is optimized with the Yoast SEO plugin v23.5 - https:\/\/yoast.com\/wordpress\/plugins\/seo\/ -->\n<title>COOKIES - LDB Mica Research - Institut d&#039;\u00e9tudes internationales<\/title>\n<meta name=\"robots\" content=\"index, follow, max-snippet:-1, max-image-preview:large, max-video-preview:-1\" \/>\n<link rel=\"canonical\" href=\"https:\/\/www.ldb-micaresearch.com\/en\/cookies\/\" \/>\n<meta property=\"og:locale\" content=\"en_US\" \/>\n<meta property=\"og:type\" content=\"article\" \/>\n<meta property=\"og:title\" content=\"COOKIES - LDB Mica Research - Institut d&#039;\u00e9tudes internationales\" \/>\n<meta property=\"og:description\" content=\"Cookies A cookie (hereinafter the &#8220;Cookie(s)&#8221;) is a text file that can be saved on a terminal, such as your hard disk, when viewing a Service with a browser. A Cookie allows its issuer, during its period of validity, to recognise the relevant terminal each time the terminal accesses digital content containing cookies from the [&hellip;]\" \/>\n<meta property=\"og:url\" content=\"https:\/\/www.ldb-micaresearch.com\/en\/cookies\/\" \/>\n<meta property=\"og:site_name\" content=\"LDB Mica Research - Institut d&#039;\u00e9tudes internationales\" \/>\n<meta name=\"twitter:card\" content=\"summary_large_image\" \/>\n<meta name=\"twitter:label1\" content=\"Est. reading time\" \/>\n\t<meta name=\"twitter:data1\" content=\"3 minutes\" \/>\n<script type=\"application\/ld+json\" class=\"yoast-schema-graph\">{\"@context\":\"https:\/\/schema.org\",\"@graph\":[{\"@type\":\"WebPage\",\"@id\":\"https:\/\/www.ldb-micaresearch.com\/en\/cookies\/\",\"url\":\"https:\/\/www.ldb-micaresearch.com\/en\/cookies\/\",\"name\":\"COOKIES - LDB Mica Research - Institut d&#039;\u00e9tudes internationales\",\"isPartOf\":{\"@id\":\"https:\/\/www.ldb-micaresearch.com\/en\/#website\"},\"datePublished\":\"2023-07-12T16:06:40+00:00\",\"dateModified\":\"2023-07-12T16:06:40+00:00\",\"breadcrumb\":{\"@id\":\"https:\/\/www.ldb-micaresearch.com\/en\/cookies\/#breadcrumb\"},\"inLanguage\":\"en-US\",\"potentialAction\":[{\"@type\":\"ReadAction\",\"target\":[\"https:\/\/www.ldb-micaresearch.com\/en\/cookies\/\"]}]},{\"@type\":\"BreadcrumbList\",\"@id\":\"https:\/\/www.ldb-micaresearch.com\/en\/cookies\/#breadcrumb\",\"itemListElement\":[{\"@type\":\"ListItem\",\"position\":1,\"name\":\"Home\",\"item\":\"https:\/\/www.ldb-micaresearch.com\/en\/\"},{\"@type\":\"ListItem\",\"position\":2,\"name\":\"COOKIES\"}]},{\"@type\":\"WebSite\",\"@id\":\"https:\/\/www.ldb-micaresearch.com\/en\/#website\",\"url\":\"https:\/\/www.ldb-micaresearch.com\/en\/\",\"name\":\"LDB Mica Research - Institut d&#039;\u00e9tudes internationales\",\"description\":\"Sp\u00e9cialiste de la Satisfaction client depuis plus de 30 ans, notre institut d&#039;\u00e9tudes vous accompagne pour vos Etudes Quali \/ Quanti - Centre d&#039;appels international, Paris.\",\"publisher\":{\"@id\":\"https:\/\/www.ldb-micaresearch.com\/en\/#organization\"},\"potentialAction\":[{\"@type\":\"SearchAction\",\"target\":{\"@type\":\"EntryPoint\",\"urlTemplate\":\"https:\/\/www.ldb-micaresearch.com\/en\/?s={search_term_string}\"},\"query-input\":{\"@type\":\"PropertyValueSpecification\",\"valueRequired\":true,\"valueName\":\"search_term_string\"}}],\"inLanguage\":\"en-US\"},{\"@type\":\"Organization\",\"@id\":\"https:\/\/www.ldb-micaresearch.com\/en\/#organization\",\"name\":\"LDB Mica Research\",\"url\":\"https:\/\/www.ldb-micaresearch.com\/en\/\",\"logo\":{\"@type\":\"ImageObject\",\"inLanguage\":\"en-US\",\"@id\":\"https:\/\/www.ldb-micaresearch.com\/en\/#\/schema\/logo\/image\/\",\"url\":\"http:\/\/s876604401.onlinehome.fr\/wp-content\/uploads\/2019\/01\/Logo-LDB-MR-1.png\",\"contentUrl\":\"http:\/\/s876604401.onlinehome.fr\/wp-content\/uploads\/2019\/01\/Logo-LDB-MR-1.png\",\"width\":312,\"height\":38,\"caption\":\"LDB Mica Research\"},\"image\":{\"@id\":\"https:\/\/www.ldb-micaresearch.com\/en\/#\/schema\/logo\/image\/\"}}]}<\/script>\n<!-- \/ Yoast SEO plugin. -->","yoast_head_json":{"title":"COOKIES - LDB Mica Research - Institut d&#039;\u00e9tudes internationales","robots":{"index":"index","follow":"follow","max-snippet":"max-snippet:-1","max-image-preview":"max-image-preview:large","max-video-preview":"max-video-preview:-1"},"canonical":"https:\/\/www.ldb-micaresearch.com\/en\/cookies\/","og_locale":"en_US","og_type":"article","og_title":"COOKIES - LDB Mica Research - Institut d&#039;\u00e9tudes internationales","og_description":"Cookies A cookie (hereinafter the &#8220;Cookie(s)&#8221;) is a text file that can be saved on a terminal, such as your hard disk, when viewing a Service with a browser. A Cookie allows its issuer, during its period of validity, to recognise the relevant terminal each time the terminal accesses digital content containing cookies from the [&hellip;]","og_url":"https:\/\/www.ldb-micaresearch.com\/en\/cookies\/","og_site_name":"LDB Mica Research - Institut d&#039;\u00e9tudes internationales","twitter_card":"summary_large_image","twitter_misc":{"Est. reading time":"3 minutes"},"schema":{"@context":"https:\/\/schema.org","@graph":[{"@type":"WebPage","@id":"https:\/\/www.ldb-micaresearch.com\/en\/cookies\/","url":"https:\/\/www.ldb-micaresearch.com\/en\/cookies\/","name":"COOKIES - LDB Mica Research - Institut d&#039;\u00e9tudes internationales","isPartOf":{"@id":"https:\/\/www.ldb-micaresearch.com\/en\/#website"},"datePublished":"2023-07-12T16:06:40+00:00","dateModified":"2023-07-12T16:06:40+00:00","breadcrumb":{"@id":"https:\/\/www.ldb-micaresearch.com\/en\/cookies\/#breadcrumb"},"inLanguage":"en-US","potentialAction":[{"@type":"ReadAction","target":["https:\/\/www.ldb-micaresearch.com\/en\/cookies\/"]}]},{"@type":"BreadcrumbList","@id":"https:\/\/www.ldb-micaresearch.com\/en\/cookies\/#breadcrumb","itemListElement":[{"@type":"ListItem","position":1,"name":"Home","item":"https:\/\/www.ldb-micaresearch.com\/en\/"},{"@type":"ListItem","position":2,"name":"COOKIES"}]},{"@type":"WebSite","@id":"https:\/\/www.ldb-micaresearch.com\/en\/#website","url":"https:\/\/www.ldb-micaresearch.com\/en\/","name":"LDB Mica Research - Institut d&#039;\u00e9tudes internationales","description":"Sp\u00e9cialiste de la Satisfaction client depuis plus de 30 ans, notre institut d&#039;\u00e9tudes vous accompagne pour vos Etudes Quali \/ Quanti - Centre d&#039;appels international, Paris.","publisher":{"@id":"https:\/\/www.ldb-micaresearch.com\/en\/#organization"},"potentialAction":[{"@type":"SearchAction","target":{"@type":"EntryPoint","urlTemplate":"https:\/\/www.ldb-micaresearch.com\/en\/?s={search_term_string}"},"query-input":{"@type":"PropertyValueSpecification","valueRequired":true,"valueName":"search_term_string"}}],"inLanguage":"en-US"},{"@type":"Organization","@id":"https:\/\/www.ldb-micaresearch.com\/en\/#organization","name":"LDB Mica Research","url":"https:\/\/www.ldb-micaresearch.com\/en\/","logo":{"@type":"ImageObject","inLanguage":"en-US","@id":"https:\/\/www.ldb-micaresearch.com\/en\/#\/schema\/logo\/image\/","url":"http:\/\/s876604401.onlinehome.fr\/wp-content\/uploads\/2019\/01\/Logo-LDB-MR-1.png","contentUrl":"http:\/\/s876604401.onlinehome.fr\/wp-content\/uploads\/2019\/01\/Logo-LDB-MR-1.png","width":312,"height":38,"caption":"LDB Mica Research"},"image":{"@id":"https:\/\/www.ldb-micaresearch.com\/en\/#\/schema\/logo\/image\/"}}]}},"uagb_featured_image_src":{"full":false,"thumbnail":false,"medium":false,"medium_large":false,"large":false,"1536x1536":false,"2048x2048":false},"uagb_author_info":{"display_name":"LDB Mica Research","author_link":"https:\/\/www.ldb-micaresearch.com\/en\/author\/ldbadmin\/"},"uagb_comment_info":0,"uagb_excerpt":"Cookies A cookie (hereinafter the &#8220;Cookie(s)&#8221;) is a text file that can be saved on a terminal, such as your hard disk, when viewing a Service with a browser. A Cookie allows its issuer, during its period of validity, to recognise the relevant terminal each time the terminal accesses digital content containing cookies from the&hellip;","_links":{"self":[{"href":"https:\/\/www.ldb-micaresearch.com\/en\/wp-json\/wp\/v2\/pages\/5047"}],"collection":[{"href":"https:\/\/www.ldb-micaresearch.com\/en\/wp-json\/wp\/v2\/pages"}],"about":[{"href":"https:\/\/www.ldb-micaresearch.com\/en\/wp-json\/wp\/v2\/types\/page"}],"author":[{"embeddable":true,"href":"https:\/\/www.ldb-micaresearch.com\/en\/wp-json\/wp\/v2\/users\/1"}],"replies":[{"embeddable":true,"href":"https:\/\/www.ldb-micaresearch.com\/en\/wp-json\/wp\/v2\/comments?post=5047"}],"version-history":[{"count":11,"href":"https:\/\/www.ldb-micaresearch.com\/en\/wp-json\/wp\/v2\/pages\/5047\/revisions"}],"predecessor-version":[{"id":5265,"href":"https:\/\/www.ldb-micaresearch.com\/en\/wp-json\/wp\/v2\/pages\/5047\/revisions\/5265"}],"wp:attachment":[{"href":"https:\/\/www.ldb-micaresearch.com\/en\/wp-json\/wp\/v2\/media?parent=5047"}],"curies":[{"name":"wp","href":"https:\/\/api.w.org\/{rel}","templated":true}]}}