{"id":5076,"date":"2023-07-13T09:21:54","date_gmt":"2023-07-13T07:21:54","guid":{"rendered":"https:\/\/www.ldb-micaresearch.com\/?page_id=5076"},"modified":"2023-07-13T10:13:58","modified_gmt":"2023-07-13T08:13:58","slug":"legal-terms","status":"publish","type":"page","link":"https:\/\/www.ldb-micaresearch.com\/en\/legal-terms\/","title":{"rendered":"LEGAL TERMS"},"content":{"rendered":"<h3 style=\"text-align: center;\"><span style=\"font-size: 90%;\">LEGAL INFORMATION<\/span><\/h3>\n<p style=\"text-align: left;\"><span style=\"font-size: 70%;\"><strong>WEBSITE TERMS OF USE<\/strong><\/span><\/p>\n<p style=\"text-align: left;\"><span style=\"font-size: 70%;\">In accordance with Act No. 2004-575 of 21 June 2004 governing trust in the digital economy, we inform you that the website www.ldb-micaresearch.com is the property of LDB Mica Research.<\/span><\/p>\n<p style=\"text-align: left;\"><span style=\"font-size: 70%;\">The website www.ldb-micaresearch.com was designed by Adveris.<\/span><\/p>\n<p style=\"text-align: left;\"><span style=\"font-size: 70%;\">The website www.ldb-micaresearch.com is hosted on the hardware of the company Orange Cloud for Business, which is located at: 1 Place des Droits de l&#8217;Homme, 93210, St Denis La Plaine, France.<\/span><\/p>\n<p style=\"text-align: left;\"><span style=\"font-size: 70%;\">The website www.ldb-micaresearch.com is subject to French law; visitors with access to the website from abroad must ensure compliance with locally applicable laws.<\/span><\/p>\n<p style=\"text-align: left;\"><span style=\"font-size: 70%;\">The legal terms may be modified at any time without notice. We recommend that you to consult them regularly.<\/span><\/p>\n<p style=\"text-align: left;\"><span style=\"font-size: 70%;\"><strong>Intellectual property:<\/strong><\/span><\/p>\n<p style=\"text-align: left;\"><span style=\"font-size: 70%;\">LDB Mica Research holds, reserves and retains all property rights, including intellectual property rights and reproduction rights to this website and all the elements it contains. Consequently and in particular, any partial or total reproduction of this website and the elements it contains, without the written permission of LDB Mica Research, is strictly prohibited.<\/span><\/p>\n<p style=\"text-align: left;\"><span style=\"font-size: 70%;\">The logos and any other distinctive designs on this website are the property of LDB Mica Research or are the subject of authorised use. No right or license may be granted with regards to any of these elements without the written permission of LDB Mica Research or the third party holder of such rights.<\/span><\/p>\n<p style=\"text-align: left;\"><span style=\"font-size: 70%;\"><strong>Exclusion of warranty and liability:<\/strong><\/span><\/p>\n<p style=\"text-align: left;\"><span style=\"font-size: 70%;\">The User of the website &#8220;www.ldb-micaresearch.com&#8221; acknowledges having read the website\u2019s terms of use and agrees to abide by them.<\/span><\/p>\n<p style=\"text-align: left;\"><span style=\"font-size: 70%;\">LDB Mica Research shall not be held liable for any direct or indirect damage that may result from access to the website or use of the website and\/or the information it contains, including inaccessibility, data loss, damage, destruction, or viruses that could affect the computer equipment of the User and\/or the presence of viruses on his website.<\/span><\/p>\n<p style=\"text-align: left;\"><span style=\"font-size: 70%;\">While LDB Mica Research strives to provide reliable content on its website, it does not guarantee that its content is free from inaccuracies or omissions and shall not be held liable for any errors or omissions, or lack of availability of information and services. LDB Mica Research reserves the right, at any time and without notice, to make improvements and\/or changes to the content of its website. As a result, the User assumes sole liability for the use of this information and any consequences thereof.<\/span><\/p>\n<p style=\"text-align: left;\"><span style=\"font-size: 70%;\"><strong>Links to other websites:<\/strong><\/span><\/p>\n<p style=\"text-align: left;\"><span style=\"font-size: 70%;\">The website may include links to other websites or other Internet sources.<\/span><\/p>\n<p style=\"text-align: left;\"><span style=\"font-size: 70%;\">As LDB Mica Research cannot control these websites and external sources, LDB Mica Research shall not be held liable for the provision of these websites and external sources, and thus declines all liability for the contents, advertisements, products, services or any other material available on or provided by external websites or sources.<\/span><\/p>\n<p style=\"text-align: left;\"><span style=\"font-size: 70%;\">These links are offered to Users of the website www.ldb-micaresearch.com as a service. The decision to activate the links is the sole responsibility of the User. We remind you that non-affiliated websites are subject to their own terms of use.<\/span><\/p>\n","protected":false},"excerpt":{"rendered":"<p>LEGAL INFORMATION WEBSITE TERMS OF USE In accordance with Act No. 2004-575 of 21 June 2004 governing trust in the digital economy, we inform you that the website www.ldb-micaresearch.com is the property of LDB Mica Research. The website www.ldb-micaresearch.com was designed by Adveris. The website www.ldb-micaresearch.com is hosted on the hardware of the company Orange [&hellip;]<\/p>\n","protected":false},"author":1,"featured_media":0,"parent":0,"menu_order":38,"comment_status":"closed","ping_status":"closed","template":"","meta":{"_acf_changed":false,"_uag_custom_page_level_css":"","footnotes":""},"acf":[],"yoast_head":"<!-- This site is optimized with the Yoast SEO plugin v23.5 - https:\/\/yoast.com\/wordpress\/plugins\/seo\/ -->\n<title>LEGAL TERMS - LDB Mica Research - Institut d&#039;\u00e9tudes internationales<\/title>\n<meta name=\"robots\" content=\"index, follow, max-snippet:-1, max-image-preview:large, max-video-preview:-1\" \/>\n<link rel=\"canonical\" href=\"https:\/\/www.ldb-micaresearch.com\/en\/legal-terms\/\" \/>\n<meta property=\"og:locale\" content=\"en_US\" \/>\n<meta property=\"og:type\" content=\"article\" \/>\n<meta property=\"og:title\" content=\"LEGAL TERMS - LDB Mica Research - Institut d&#039;\u00e9tudes internationales\" \/>\n<meta property=\"og:description\" content=\"LEGAL INFORMATION WEBSITE TERMS OF USE In accordance with Act No. 2004-575 of 21 June 2004 governing trust in the digital economy, we inform you that the website www.ldb-micaresearch.com is the property of LDB Mica Research. The website www.ldb-micaresearch.com was designed by Adveris. The website www.ldb-micaresearch.com is hosted on the hardware of the company Orange [&hellip;]\" \/>\n<meta property=\"og:url\" content=\"https:\/\/www.ldb-micaresearch.com\/en\/legal-terms\/\" \/>\n<meta property=\"og:site_name\" content=\"LDB Mica Research - Institut d&#039;\u00e9tudes internationales\" \/>\n<meta property=\"article:modified_time\" content=\"2023-07-13T08:13:58+00:00\" \/>\n<meta name=\"twitter:card\" content=\"summary_large_image\" \/>\n<meta name=\"twitter:label1\" content=\"Est. reading time\" \/>\n\t<meta name=\"twitter:data1\" content=\"3 minutes\" \/>\n<script type=\"application\/ld+json\" class=\"yoast-schema-graph\">{\"@context\":\"https:\/\/schema.org\",\"@graph\":[{\"@type\":\"WebPage\",\"@id\":\"https:\/\/www.ldb-micaresearch.com\/en\/legal-terms\/\",\"url\":\"https:\/\/www.ldb-micaresearch.com\/en\/legal-terms\/\",\"name\":\"LEGAL TERMS - LDB Mica Research - Institut d&#039;\u00e9tudes internationales\",\"isPartOf\":{\"@id\":\"https:\/\/www.ldb-micaresearch.com\/en\/#website\"},\"datePublished\":\"2023-07-13T07:21:54+00:00\",\"dateModified\":\"2023-07-13T08:13:58+00:00\",\"breadcrumb\":{\"@id\":\"https:\/\/www.ldb-micaresearch.com\/en\/legal-terms\/#breadcrumb\"},\"inLanguage\":\"en-US\",\"potentialAction\":[{\"@type\":\"ReadAction\",\"target\":[\"https:\/\/www.ldb-micaresearch.com\/en\/legal-terms\/\"]}]},{\"@type\":\"BreadcrumbList\",\"@id\":\"https:\/\/www.ldb-micaresearch.com\/en\/legal-terms\/#breadcrumb\",\"itemListElement\":[{\"@type\":\"ListItem\",\"position\":1,\"name\":\"Home\",\"item\":\"https:\/\/www.ldb-micaresearch.com\/en\/\"},{\"@type\":\"ListItem\",\"position\":2,\"name\":\"LEGAL TERMS\"}]},{\"@type\":\"WebSite\",\"@id\":\"https:\/\/www.ldb-micaresearch.com\/en\/#website\",\"url\":\"https:\/\/www.ldb-micaresearch.com\/en\/\",\"name\":\"LDB Mica Research - Institut d&#039;\u00e9tudes internationales\",\"description\":\"Sp\u00e9cialiste de la Satisfaction client depuis plus de 30 ans, notre institut d&#039;\u00e9tudes vous accompagne pour vos Etudes Quali \/ Quanti - Centre d&#039;appels international, Paris.\",\"publisher\":{\"@id\":\"https:\/\/www.ldb-micaresearch.com\/en\/#organization\"},\"potentialAction\":[{\"@type\":\"SearchAction\",\"target\":{\"@type\":\"EntryPoint\",\"urlTemplate\":\"https:\/\/www.ldb-micaresearch.com\/en\/?s={search_term_string}\"},\"query-input\":{\"@type\":\"PropertyValueSpecification\",\"valueRequired\":true,\"valueName\":\"search_term_string\"}}],\"inLanguage\":\"en-US\"},{\"@type\":\"Organization\",\"@id\":\"https:\/\/www.ldb-micaresearch.com\/en\/#organization\",\"name\":\"LDB Mica Research\",\"url\":\"https:\/\/www.ldb-micaresearch.com\/en\/\",\"logo\":{\"@type\":\"ImageObject\",\"inLanguage\":\"en-US\",\"@id\":\"https:\/\/www.ldb-micaresearch.com\/en\/#\/schema\/logo\/image\/\",\"url\":\"http:\/\/s876604401.onlinehome.fr\/wp-content\/uploads\/2019\/01\/Logo-LDB-MR-1.png\",\"contentUrl\":\"http:\/\/s876604401.onlinehome.fr\/wp-content\/uploads\/2019\/01\/Logo-LDB-MR-1.png\",\"width\":312,\"height\":38,\"caption\":\"LDB Mica Research\"},\"image\":{\"@id\":\"https:\/\/www.ldb-micaresearch.com\/en\/#\/schema\/logo\/image\/\"}}]}<\/script>\n<!-- \/ Yoast SEO plugin. -->","yoast_head_json":{"title":"LEGAL TERMS - LDB Mica Research - Institut d&#039;\u00e9tudes internationales","robots":{"index":"index","follow":"follow","max-snippet":"max-snippet:-1","max-image-preview":"max-image-preview:large","max-video-preview":"max-video-preview:-1"},"canonical":"https:\/\/www.ldb-micaresearch.com\/en\/legal-terms\/","og_locale":"en_US","og_type":"article","og_title":"LEGAL TERMS - LDB Mica Research - Institut d&#039;\u00e9tudes internationales","og_description":"LEGAL INFORMATION WEBSITE TERMS OF USE In accordance with Act No. 2004-575 of 21 June 2004 governing trust in the digital economy, we inform you that the website www.ldb-micaresearch.com is the property of LDB Mica Research. The website www.ldb-micaresearch.com was designed by Adveris. The website www.ldb-micaresearch.com is hosted on the hardware of the company Orange [&hellip;]","og_url":"https:\/\/www.ldb-micaresearch.com\/en\/legal-terms\/","og_site_name":"LDB Mica Research - Institut d&#039;\u00e9tudes internationales","article_modified_time":"2023-07-13T08:13:58+00:00","twitter_card":"summary_large_image","twitter_misc":{"Est. reading time":"3 minutes"},"schema":{"@context":"https:\/\/schema.org","@graph":[{"@type":"WebPage","@id":"https:\/\/www.ldb-micaresearch.com\/en\/legal-terms\/","url":"https:\/\/www.ldb-micaresearch.com\/en\/legal-terms\/","name":"LEGAL TERMS - LDB Mica Research - Institut d&#039;\u00e9tudes internationales","isPartOf":{"@id":"https:\/\/www.ldb-micaresearch.com\/en\/#website"},"datePublished":"2023-07-13T07:21:54+00:00","dateModified":"2023-07-13T08:13:58+00:00","breadcrumb":{"@id":"https:\/\/www.ldb-micaresearch.com\/en\/legal-terms\/#breadcrumb"},"inLanguage":"en-US","potentialAction":[{"@type":"ReadAction","target":["https:\/\/www.ldb-micaresearch.com\/en\/legal-terms\/"]}]},{"@type":"BreadcrumbList","@id":"https:\/\/www.ldb-micaresearch.com\/en\/legal-terms\/#breadcrumb","itemListElement":[{"@type":"ListItem","position":1,"name":"Home","item":"https:\/\/www.ldb-micaresearch.com\/en\/"},{"@type":"ListItem","position":2,"name":"LEGAL TERMS"}]},{"@type":"WebSite","@id":"https:\/\/www.ldb-micaresearch.com\/en\/#website","url":"https:\/\/www.ldb-micaresearch.com\/en\/","name":"LDB Mica Research - Institut d&#039;\u00e9tudes internationales","description":"Sp\u00e9cialiste de la Satisfaction client depuis plus de 30 ans, notre institut d&#039;\u00e9tudes vous accompagne pour vos Etudes Quali \/ Quanti - Centre d&#039;appels international, Paris.","publisher":{"@id":"https:\/\/www.ldb-micaresearch.com\/en\/#organization"},"potentialAction":[{"@type":"SearchAction","target":{"@type":"EntryPoint","urlTemplate":"https:\/\/www.ldb-micaresearch.com\/en\/?s={search_term_string}"},"query-input":{"@type":"PropertyValueSpecification","valueRequired":true,"valueName":"search_term_string"}}],"inLanguage":"en-US"},{"@type":"Organization","@id":"https:\/\/www.ldb-micaresearch.com\/en\/#organization","name":"LDB Mica Research","url":"https:\/\/www.ldb-micaresearch.com\/en\/","logo":{"@type":"ImageObject","inLanguage":"en-US","@id":"https:\/\/www.ldb-micaresearch.com\/en\/#\/schema\/logo\/image\/","url":"http:\/\/s876604401.onlinehome.fr\/wp-content\/uploads\/2019\/01\/Logo-LDB-MR-1.png","contentUrl":"http:\/\/s876604401.onlinehome.fr\/wp-content\/uploads\/2019\/01\/Logo-LDB-MR-1.png","width":312,"height":38,"caption":"LDB Mica Research"},"image":{"@id":"https:\/\/www.ldb-micaresearch.com\/en\/#\/schema\/logo\/image\/"}}]}},"uagb_featured_image_src":{"full":false,"thumbnail":false,"medium":false,"medium_large":false,"large":false,"1536x1536":false,"2048x2048":false},"uagb_author_info":{"display_name":"LDB Mica Research","author_link":"https:\/\/www.ldb-micaresearch.com\/en\/author\/ldbadmin\/"},"uagb_comment_info":0,"uagb_excerpt":"LEGAL INFORMATION WEBSITE TERMS OF USE In accordance with Act No. 2004-575 of 21 June 2004 governing trust in the digital economy, we inform you that the website www.ldb-micaresearch.com is the property of LDB Mica Research. The website www.ldb-micaresearch.com was designed by Adveris. The website www.ldb-micaresearch.com is hosted on the hardware of the company Orange&hellip;","_links":{"self":[{"href":"https:\/\/www.ldb-micaresearch.com\/en\/wp-json\/wp\/v2\/pages\/5076"}],"collection":[{"href":"https:\/\/www.ldb-micaresearch.com\/en\/wp-json\/wp\/v2\/pages"}],"about":[{"href":"https:\/\/www.ldb-micaresearch.com\/en\/wp-json\/wp\/v2\/types\/page"}],"author":[{"embeddable":true,"href":"https:\/\/www.ldb-micaresearch.com\/en\/wp-json\/wp\/v2\/users\/1"}],"replies":[{"embeddable":true,"href":"https:\/\/www.ldb-micaresearch.com\/en\/wp-json\/wp\/v2\/comments?post=5076"}],"version-history":[{"count":2,"href":"https:\/\/www.ldb-micaresearch.com\/en\/wp-json\/wp\/v2\/pages\/5076\/revisions"}],"predecessor-version":[{"id":5288,"href":"https:\/\/www.ldb-micaresearch.com\/en\/wp-json\/wp\/v2\/pages\/5076\/revisions\/5288"}],"wp:attachment":[{"href":"https:\/\/www.ldb-micaresearch.com\/en\/wp-json\/wp\/v2\/media?parent=5076"}],"curies":[{"name":"wp","href":"https:\/\/api.w.org\/{rel}","templated":true}]}}